{"id":3650,"date":"2022-07-01T19:24:21","date_gmt":"2022-07-01T19:24:21","guid":{"rendered":"https:\/\/bigstar.hu\/newsletter-subscribe\/"},"modified":"2022-07-01T19:24:21","modified_gmt":"2022-07-01T19:24:21","slug":"newsletter-subscribe","status":"publish","type":"page","link":"https:\/\/bigstar.hu\/en\/newsletter-subscribe\/","title":{"rendered":"Newsletter subscribe"},"content":{"rendered":"<div class=\"tnp tnp-subscription \">\n<form method=\"post\" action=\"https:\/\/bigstar.hu\/wp-admin\/admin-ajax.php?action=tnp&amp;na=s\">\n<input type=\"hidden\" name=\"nlang\" value=\"en\">\n<div class=\"tnp-field tnp-field-firstname\"><label for=\"tnp-1\">Keresztn\u00e9v vagy teljes n\u00e9v<\/label>\n<input class=\"tnp-name\" type=\"text\" name=\"nn\" id=\"tnp-1\" value=\"\" placeholder=\"\"><\/div>\n<div class=\"tnp-field tnp-field-email\"><label for=\"tnp-2\">Email<\/label>\n<input class=\"tnp-email\" type=\"email\" name=\"ne\" id=\"tnp-2\" value=\"\" placeholder=\"\" required><\/div>\n<div class=\"tnp-field tnp-privacy-field\"><label><input type=\"checkbox\" name=\"ny\" required class=\"tnp-privacy\"> Ha folytatod, azzal elfogadod az adatv\u00e9delmi ir\u00e1nyelvet<\/label><\/div><div class=\"tnp-field tnp-field-button\" style=\"text-align: left\"><input class=\"tnp-submit\" type=\"submit\" value=\"Feliratkoz\u00e1s\" style=\"\">\n<\/div>\n<\/form>\n<\/div>\n","protected":false},"excerpt":{"rendered":"Keresztn\u00e9v vagy teljes n\u00e9v Email Ha folytatod, azzal elfogadod az adatv\u00e9delmi ir\u00e1nyelvet","protected":false},"author":1,"featured_media":0,"parent":0,"menu_order":0,"comment_status":"closed","ping_status":"closed","template":"","meta":{"footnotes":""},"class_list":["post-3650","page","type-page","status-publish","hentry"],"yoast_head":"<!-- This site is optimized with the Yoast SEO plugin v27.3 - https:\/\/yoast.com\/product\/yoast-seo-wordpress\/ -->\n<title>Newsletter subscribe - Big Star Street<\/title>\n<meta name=\"robots\" content=\"index, follow, max-snippet:-1, max-image-preview:large, max-video-preview:-1\" \/>\n<link rel=\"canonical\" href=\"https:\/\/bigstar.hu\/en\/newsletter-subscribe\/\" \/>\n<meta property=\"og:locale\" content=\"en_US\" \/>\n<meta property=\"og:type\" content=\"article\" \/>\n<meta property=\"og:title\" content=\"Newsletter subscribe - Big Star Street\" \/>\n<meta property=\"og:url\" content=\"https:\/\/bigstar.hu\/en\/newsletter-subscribe\/\" \/>\n<meta property=\"og:site_name\" content=\"Big Star Street\" \/>\n<meta property=\"article:publisher\" content=\"https:\/\/www.facebook.com\/bigstar.hu\" \/>\n<meta name=\"twitter:card\" content=\"summary_large_image\" \/>\n<script type=\"application\/ld+json\" class=\"yoast-schema-graph\">{\"@context\":\"https:\\\/\\\/schema.org\",\"@graph\":[{\"@type\":\"WebPage\",\"@id\":\"https:\\\/\\\/bigstar.hu\\\/en\\\/newsletter-subscribe\\\/\",\"url\":\"https:\\\/\\\/bigstar.hu\\\/en\\\/newsletter-subscribe\\\/\",\"name\":\"Newsletter subscribe - Big Star Street\",\"isPartOf\":{\"@id\":\"https:\\\/\\\/bigstar.hu\\\/en\\\/#website\"},\"datePublished\":\"2022-07-01T19:24:21+00:00\",\"breadcrumb\":{\"@id\":\"https:\\\/\\\/bigstar.hu\\\/en\\\/newsletter-subscribe\\\/#breadcrumb\"},\"inLanguage\":\"en-US\",\"potentialAction\":[{\"@type\":\"ReadAction\",\"target\":[\"https:\\\/\\\/bigstar.hu\\\/en\\\/newsletter-subscribe\\\/\"]}]},{\"@type\":\"BreadcrumbList\",\"@id\":\"https:\\\/\\\/bigstar.hu\\\/en\\\/newsletter-subscribe\\\/#breadcrumb\",\"itemListElement\":[{\"@type\":\"ListItem\",\"position\":1,\"name\":\"Kezd\u0151lap\",\"item\":\"https:\\\/\\\/bigstar.hu\\\/en\\\/\"},{\"@type\":\"ListItem\",\"position\":2,\"name\":\"Newsletter subscribe\"}]},{\"@type\":\"WebSite\",\"@id\":\"https:\\\/\\\/bigstar.hu\\\/en\\\/#website\",\"url\":\"https:\\\/\\\/bigstar.hu\\\/en\\\/\",\"name\":\"Big Star Street\",\"description\":\"Webshop for medicinal products\",\"publisher\":{\"@id\":\"https:\\\/\\\/bigstar.hu\\\/en\\\/#organization\"},\"potentialAction\":[{\"@type\":\"SearchAction\",\"target\":{\"@type\":\"EntryPoint\",\"urlTemplate\":\"https:\\\/\\\/bigstar.hu\\\/en\\\/?s={search_term_string}\"},\"query-input\":{\"@type\":\"PropertyValueSpecification\",\"valueRequired\":true,\"valueName\":\"search_term_string\"}}],\"inLanguage\":\"en-US\"},{\"@type\":\"Organization\",\"@id\":\"https:\\\/\\\/bigstar.hu\\\/en\\\/#organization\",\"name\":\"Big Star Street Kft\",\"url\":\"https:\\\/\\\/bigstar.hu\\\/en\\\/\",\"logo\":{\"@type\":\"ImageObject\",\"inLanguage\":\"en-US\",\"@id\":\"https:\\\/\\\/bigstar.hu\\\/en\\\/#\\\/schema\\\/logo\\\/image\\\/\",\"url\":\"https:\\\/\\\/ujlap.bigstar.hu\\\/wp-content\\\/uploads\\\/2022\\\/06\\\/LOGO-feher.jpg\",\"contentUrl\":\"https:\\\/\\\/ujlap.bigstar.hu\\\/wp-content\\\/uploads\\\/2022\\\/06\\\/LOGO-feher.jpg\",\"width\":430,\"height\":88,\"caption\":\"Big Star Street Kft\"},\"image\":{\"@id\":\"https:\\\/\\\/bigstar.hu\\\/en\\\/#\\\/schema\\\/logo\\\/image\\\/\"},\"sameAs\":[\"https:\\\/\\\/www.facebook.com\\\/bigstar.hu\",\"https:\\\/\\\/www.instagram.com\\\/bigstarstreet\"]}]}<\/script>\n<!-- \/ Yoast SEO plugin. -->","yoast_head_json":{"title":"Newsletter subscribe - Big Star Street","robots":{"index":"index","follow":"follow","max-snippet":"max-snippet:-1","max-image-preview":"max-image-preview:large","max-video-preview":"max-video-preview:-1"},"canonical":"https:\/\/bigstar.hu\/en\/newsletter-subscribe\/","og_locale":"en_US","og_type":"article","og_title":"Newsletter subscribe - Big Star Street","og_url":"https:\/\/bigstar.hu\/en\/newsletter-subscribe\/","og_site_name":"Big Star Street","article_publisher":"https:\/\/www.facebook.com\/bigstar.hu","twitter_card":"summary_large_image","schema":{"@context":"https:\/\/schema.org","@graph":[{"@type":"WebPage","@id":"https:\/\/bigstar.hu\/en\/newsletter-subscribe\/","url":"https:\/\/bigstar.hu\/en\/newsletter-subscribe\/","name":"Newsletter subscribe - Big Star Street","isPartOf":{"@id":"https:\/\/bigstar.hu\/en\/#website"},"datePublished":"2022-07-01T19:24:21+00:00","breadcrumb":{"@id":"https:\/\/bigstar.hu\/en\/newsletter-subscribe\/#breadcrumb"},"inLanguage":"en-US","potentialAction":[{"@type":"ReadAction","target":["https:\/\/bigstar.hu\/en\/newsletter-subscribe\/"]}]},{"@type":"BreadcrumbList","@id":"https:\/\/bigstar.hu\/en\/newsletter-subscribe\/#breadcrumb","itemListElement":[{"@type":"ListItem","position":1,"name":"Kezd\u0151lap","item":"https:\/\/bigstar.hu\/en\/"},{"@type":"ListItem","position":2,"name":"Newsletter subscribe"}]},{"@type":"WebSite","@id":"https:\/\/bigstar.hu\/en\/#website","url":"https:\/\/bigstar.hu\/en\/","name":"Big Star Street","description":"Webshop for medicinal products","publisher":{"@id":"https:\/\/bigstar.hu\/en\/#organization"},"potentialAction":[{"@type":"SearchAction","target":{"@type":"EntryPoint","urlTemplate":"https:\/\/bigstar.hu\/en\/?s={search_term_string}"},"query-input":{"@type":"PropertyValueSpecification","valueRequired":true,"valueName":"search_term_string"}}],"inLanguage":"en-US"},{"@type":"Organization","@id":"https:\/\/bigstar.hu\/en\/#organization","name":"Big Star Street Kft","url":"https:\/\/bigstar.hu\/en\/","logo":{"@type":"ImageObject","inLanguage":"en-US","@id":"https:\/\/bigstar.hu\/en\/#\/schema\/logo\/image\/","url":"https:\/\/ujlap.bigstar.hu\/wp-content\/uploads\/2022\/06\/LOGO-feher.jpg","contentUrl":"https:\/\/ujlap.bigstar.hu\/wp-content\/uploads\/2022\/06\/LOGO-feher.jpg","width":430,"height":88,"caption":"Big Star Street Kft"},"image":{"@id":"https:\/\/bigstar.hu\/en\/#\/schema\/logo\/image\/"},"sameAs":["https:\/\/www.facebook.com\/bigstar.hu","https:\/\/www.instagram.com\/bigstarstreet"]}]}},"_links":{"self":[{"href":"https:\/\/bigstar.hu\/en\/wp-json\/wp\/v2\/pages\/3650","targetHints":{"allow":["GET"]}}],"collection":[{"href":"https:\/\/bigstar.hu\/en\/wp-json\/wp\/v2\/pages"}],"about":[{"href":"https:\/\/bigstar.hu\/en\/wp-json\/wp\/v2\/types\/page"}],"author":[{"embeddable":true,"href":"https:\/\/bigstar.hu\/en\/wp-json\/wp\/v2\/users\/1"}],"replies":[{"embeddable":true,"href":"https:\/\/bigstar.hu\/en\/wp-json\/wp\/v2\/comments?post=3650"}],"version-history":[{"count":0,"href":"https:\/\/bigstar.hu\/en\/wp-json\/wp\/v2\/pages\/3650\/revisions"}],"wp:attachment":[{"href":"https:\/\/bigstar.hu\/en\/wp-json\/wp\/v2\/media?parent=3650"}],"curies":[{"name":"wp","href":"https:\/\/api.w.org\/{rel}","templated":true}]}}