{"id":4181,"date":"2022-05-31T09:39:54","date_gmt":"2022-05-31T09:39:54","guid":{"rendered":"https:\/\/bigstar.hu\/termek\/sun-moon-shaolin-patch-6-pieces\/"},"modified":"2025-05-14T07:43:43","modified_gmt":"2025-05-14T07:43:43","slug":"sun-moon-shaolin-patch-6-db","status":"publish","type":"product","link":"https:\/\/bigstar.hu\/en\/product\/sun-moon-shaolin-patch-6-db\/","title":{"rendered":"SUN MOON Shaolin patch 6 pieces"},"content":{"rendered":"<p style=\"text-align: justify\"><span style=\"line-height: 1.6\">The recipe for the Shaolin patch dates back to ancient times, when monks of the Shaolin monastery sought relief for injuries sustained in battle.<\/span><\/p>\n<p style=\"text-align: justify\">It is also effective for sprains, sprains and muscle pain. It warms you up, banishes the cold feeling.<\/p>\n<p style=\"text-align: justify\">Directions for use: wash and dry the sore area, then apply the Shaolin patch and leave on for 24 hours.<\/p>\n<p style=\"text-align: justify\">Ingredients:Menthol, Camphor, Borneolum Syntheticum, Angelica sinensis, Clove oil.<\/p>\n<p style=\"text-align: justify\">Storage: in a cool, dry place.<\/p>\n<p style=\"text-align: justify\">Place of origin: China.<\/p>\n<div class=\"clearfix _o46 _3erg _29_7 direction_ltr text_align_ltr\" style=\"direction: ltr;font-family: Helvetica, Arial, sans-serif;font-size: 16px\">\n<div id=\"js_68a\" class=\"_3058 _ui9 _hh7 _s1- _52mr _3oh-\" style=\"max-width: 60%;margin: 1px 0px;padding: 6px 12px;clear: left;float: left;font-family: inherit\" data-hover=\"tooltip\" data-tooltip-content=\"2018. j\u00fanius 15. 13:33\" data-tooltip-position=\"left\">\n<div class=\"_aok\" style=\"font-family: inherit\" aria-label=\"K\u00f6nny\u0171 volt haszn\u00e1lni .\"><\/div>\n<\/div>\n<\/div>\n<div class=\"clearfix _o46 _3erg _29_7 direction_ltr text_align_ltr\" style=\"direction: ltr;font-family: Helvetica, Arial, sans-serif;font-size: 16px\">\n<div id=\"js_68k\" class=\"_3058 _ui9 _hh7 _s1- _52mr _3oh-\" style=\"max-width: 60%;margin: 1px 0px;padding: 6px 12px;clear: left;float: left;font-family: inherit\" data-hover=\"tooltip\" data-tooltip-content=\"2018. j\u00fanius 15. 13:34\" data-tooltip-position=\"left\"><\/div>\n<\/div>\n<div class=\"clearfix _o46 _3erg _29_7 direction_ltr text_align_ltr\" style=\"direction: ltr;font-family: Helvetica, Arial, sans-serif;font-size: 16px\">\n<div id=\"js_695\" class=\"_3058 _ui9 _hh7 _s1- _52mr _3oh-\" style=\"max-width: 60%;margin: 1px 0px;padding: 6px 12px;clear: left;float: left;font-family: inherit\" data-hover=\"tooltip\" data-tooltip-content=\"2018. j\u00fanius 15. 13:34\" data-tooltip-position=\"left\">\n<div class=\"_aok\" style=\"font-family: inherit\" aria-label=\"Term\u00e9ket tiszta sz\u00edvvel aj\u00e1nlom m\u00e1soknak is\"><\/div>\n<\/div>\n<\/div>\n<p><span style=\"font-size: 24px\"><strong>ACTIVE INGREDIENT GUIDE:<\/strong><\/span><\/p>\n<p>The recipe for the Shaolin patch dates back to ancient times, when monks of the Shaolin monastery sought relief for injuries sustained in battle. It is also effective for sprains, sprains and muscle pain. It warms you up, wards off the cold feeling, and therefore eliminates the &#8220;cold limb&#8221; sensation typical of circulatory problems. It can be used for spasmodic pains and rheumatic complaints, and even for arthritis, thanks to its active ingredients.<\/p>\n<p>Directions for use: wash and dry the sore area, then apply the Shaolin patch and leave on for 24 hours.<\/p>\n<p><strong><br \/>\n  <em>Active ingredients<\/em><br \/>\n<\/strong>: Menthol, Camphor, Borneolum syntheticum, Chinese angelica, Clove oil<\/p>\n","protected":false},"excerpt":{"rendered":"<p>The recipe for the Shaolin patch dates back to ancient times, when monks of the Shaolin monastery sought relief for injuries sustained in battle. It is also effective for sprains, sprains and muscle pain. It warms you up, banishes the cold feeling. Directions for use: wash and dry the sore area, then apply the Shaolin [&hellip;]<\/p>\n","protected":false},"featured_media":3360,"comment_status":"closed","ping_status":"closed","template":"","meta":[],"product_brand":[],"product_cat":[108],"product_tag":[],"class_list":{"0":"post-4181","1":"product","2":"type-product","3":"status-publish","4":"has-post-thumbnail","6":"product_cat-patches","8":"first","9":"instock","10":"taxable","11":"shipping-taxable","12":"purchasable","13":"product-type-simple","14":"add-to-wishlist-after_add_to_cart"},"yoast_head":"<!-- This site is optimized with the Yoast SEO plugin v27.3 - https:\/\/yoast.com\/product\/yoast-seo-wordpress\/ -->\n<title>SUN MOON Shaolin patch 6 pieces - Big Star Street<\/title>\n<meta name=\"robots\" content=\"index, follow, max-snippet:-1, max-image-preview:large, max-video-preview:-1\" \/>\n<link rel=\"canonical\" href=\"https:\/\/bigstar.hu\/en\/product\/sun-moon-shaolin-patch-6-db\/\" \/>\n<meta property=\"og:locale\" content=\"en_US\" \/>\n<meta property=\"og:type\" content=\"article\" \/>\n<meta property=\"og:title\" content=\"SUN MOON Shaolin patch 6 pieces - Big Star Street\" \/>\n<meta property=\"og:description\" content=\"The recipe for the Shaolin patch dates back to ancient times, when monks of the Shaolin monastery sought relief for injuries sustained in battle. It is also effective for sprains, sprains and muscle pain. It warms you up, banishes the cold feeling. Directions for use: wash and dry the sore area, then apply the Shaolin [&hellip;]\" \/>\n<meta property=\"og:url\" content=\"https:\/\/bigstar.hu\/en\/product\/sun-moon-shaolin-patch-6-db\/\" \/>\n<meta property=\"og:site_name\" content=\"Big Star Street\" \/>\n<meta property=\"article:publisher\" content=\"https:\/\/www.facebook.com\/bigstar.hu\" \/>\n<meta property=\"article:modified_time\" content=\"2025-05-14T07:43:43+00:00\" \/>\n<meta property=\"og:image\" content=\"https:\/\/bigstar.hu\/wp-content\/uploads\/2022\/06\/SP-removebg-preview.png\" \/>\n\t<meta property=\"og:image:width\" content=\"500\" \/>\n\t<meta property=\"og:image:height\" content=\"500\" \/>\n\t<meta property=\"og:image:type\" content=\"image\/png\" \/>\n<meta name=\"twitter:card\" content=\"summary_large_image\" \/>\n<meta name=\"twitter:label1\" content=\"Est. reading time\" \/>\n\t<meta name=\"twitter:data1\" content=\"1 minute\" \/>\n<script type=\"application\/ld+json\" class=\"yoast-schema-graph\">{\"@context\":\"https:\\\/\\\/schema.org\",\"@graph\":[{\"@type\":\"WebPage\",\"@id\":\"https:\\\/\\\/bigstar.hu\\\/en\\\/product\\\/sun-moon-shaolin-patch-6-db\\\/\",\"url\":\"https:\\\/\\\/bigstar.hu\\\/en\\\/product\\\/sun-moon-shaolin-patch-6-db\\\/\",\"name\":\"SUN MOON Shaolin patch 6 pieces - Big Star Street\",\"isPartOf\":{\"@id\":\"https:\\\/\\\/bigstar.hu\\\/en\\\/#website\"},\"primaryImageOfPage\":{\"@id\":\"https:\\\/\\\/bigstar.hu\\\/en\\\/product\\\/sun-moon-shaolin-patch-6-db\\\/#primaryimage\"},\"image\":{\"@id\":\"https:\\\/\\\/bigstar.hu\\\/en\\\/product\\\/sun-moon-shaolin-patch-6-db\\\/#primaryimage\"},\"thumbnailUrl\":\"https:\\\/\\\/bigstar.hu\\\/wp-content\\\/uploads\\\/2022\\\/06\\\/SP-removebg-preview.png\",\"datePublished\":\"2022-05-31T09:39:54+00:00\",\"dateModified\":\"2025-05-14T07:43:43+00:00\",\"breadcrumb\":{\"@id\":\"https:\\\/\\\/bigstar.hu\\\/en\\\/product\\\/sun-moon-shaolin-patch-6-db\\\/#breadcrumb\"},\"inLanguage\":\"en-US\",\"potentialAction\":[{\"@type\":\"ReadAction\",\"target\":[\"https:\\\/\\\/bigstar.hu\\\/en\\\/product\\\/sun-moon-shaolin-patch-6-db\\\/\"]}]},{\"@type\":\"ImageObject\",\"inLanguage\":\"en-US\",\"@id\":\"https:\\\/\\\/bigstar.hu\\\/en\\\/product\\\/sun-moon-shaolin-patch-6-db\\\/#primaryimage\",\"url\":\"https:\\\/\\\/bigstar.hu\\\/wp-content\\\/uploads\\\/2022\\\/06\\\/SP-removebg-preview.png\",\"contentUrl\":\"https:\\\/\\\/bigstar.hu\\\/wp-content\\\/uploads\\\/2022\\\/06\\\/SP-removebg-preview.png\",\"width\":500,\"height\":500},{\"@type\":\"BreadcrumbList\",\"@id\":\"https:\\\/\\\/bigstar.hu\\\/en\\\/product\\\/sun-moon-shaolin-patch-6-db\\\/#breadcrumb\",\"itemListElement\":[{\"@type\":\"ListItem\",\"position\":1,\"name\":\"Kezd\u0151lap\",\"item\":\"https:\\\/\\\/bigstar.hu\\\/en\\\/\"},{\"@type\":\"ListItem\",\"position\":2,\"name\":\"Webshop\",\"item\":\"https:\\\/\\\/bigstar.hu\\\/en\\\/shop\\\/\"},{\"@type\":\"ListItem\",\"position\":3,\"name\":\"SUN MOON Shaolin patch 6 pieces\"}]},{\"@type\":\"WebSite\",\"@id\":\"https:\\\/\\\/bigstar.hu\\\/en\\\/#website\",\"url\":\"https:\\\/\\\/bigstar.hu\\\/en\\\/\",\"name\":\"Big Star Street\",\"description\":\"Webshop for medicinal products\",\"publisher\":{\"@id\":\"https:\\\/\\\/bigstar.hu\\\/en\\\/#organization\"},\"potentialAction\":[{\"@type\":\"SearchAction\",\"target\":{\"@type\":\"EntryPoint\",\"urlTemplate\":\"https:\\\/\\\/bigstar.hu\\\/en\\\/?s={search_term_string}\"},\"query-input\":{\"@type\":\"PropertyValueSpecification\",\"valueRequired\":true,\"valueName\":\"search_term_string\"}}],\"inLanguage\":\"en-US\"},{\"@type\":\"Organization\",\"@id\":\"https:\\\/\\\/bigstar.hu\\\/en\\\/#organization\",\"name\":\"Big Star Street Kft\",\"url\":\"https:\\\/\\\/bigstar.hu\\\/en\\\/\",\"logo\":{\"@type\":\"ImageObject\",\"inLanguage\":\"en-US\",\"@id\":\"https:\\\/\\\/bigstar.hu\\\/en\\\/#\\\/schema\\\/logo\\\/image\\\/\",\"url\":\"https:\\\/\\\/ujlap.bigstar.hu\\\/wp-content\\\/uploads\\\/2022\\\/06\\\/LOGO-feher.jpg\",\"contentUrl\":\"https:\\\/\\\/ujlap.bigstar.hu\\\/wp-content\\\/uploads\\\/2022\\\/06\\\/LOGO-feher.jpg\",\"width\":430,\"height\":88,\"caption\":\"Big Star Street Kft\"},\"image\":{\"@id\":\"https:\\\/\\\/bigstar.hu\\\/en\\\/#\\\/schema\\\/logo\\\/image\\\/\"},\"sameAs\":[\"https:\\\/\\\/www.facebook.com\\\/bigstar.hu\",\"https:\\\/\\\/www.instagram.com\\\/bigstarstreet\"]}]}<\/script>\n<!-- \/ Yoast SEO plugin. -->","yoast_head_json":{"title":"SUN MOON Shaolin patch 6 pieces - Big Star Street","robots":{"index":"index","follow":"follow","max-snippet":"max-snippet:-1","max-image-preview":"max-image-preview:large","max-video-preview":"max-video-preview:-1"},"canonical":"https:\/\/bigstar.hu\/en\/product\/sun-moon-shaolin-patch-6-db\/","og_locale":"en_US","og_type":"article","og_title":"SUN MOON Shaolin patch 6 pieces - Big Star Street","og_description":"The recipe for the Shaolin patch dates back to ancient times, when monks of the Shaolin monastery sought relief for injuries sustained in battle. It is also effective for sprains, sprains and muscle pain. It warms you up, banishes the cold feeling. Directions for use: wash and dry the sore area, then apply the Shaolin [&hellip;]","og_url":"https:\/\/bigstar.hu\/en\/product\/sun-moon-shaolin-patch-6-db\/","og_site_name":"Big Star Street","article_publisher":"https:\/\/www.facebook.com\/bigstar.hu","article_modified_time":"2025-05-14T07:43:43+00:00","og_image":[{"width":500,"height":500,"url":"https:\/\/bigstar.hu\/wp-content\/uploads\/2022\/06\/SP-removebg-preview.png","type":"image\/png"}],"twitter_card":"summary_large_image","twitter_misc":{"Est. reading time":"1 minute"},"schema":{"@context":"https:\/\/schema.org","@graph":[{"@type":"WebPage","@id":"https:\/\/bigstar.hu\/en\/product\/sun-moon-shaolin-patch-6-db\/","url":"https:\/\/bigstar.hu\/en\/product\/sun-moon-shaolin-patch-6-db\/","name":"SUN MOON Shaolin patch 6 pieces - Big Star Street","isPartOf":{"@id":"https:\/\/bigstar.hu\/en\/#website"},"primaryImageOfPage":{"@id":"https:\/\/bigstar.hu\/en\/product\/sun-moon-shaolin-patch-6-db\/#primaryimage"},"image":{"@id":"https:\/\/bigstar.hu\/en\/product\/sun-moon-shaolin-patch-6-db\/#primaryimage"},"thumbnailUrl":"https:\/\/bigstar.hu\/wp-content\/uploads\/2022\/06\/SP-removebg-preview.png","datePublished":"2022-05-31T09:39:54+00:00","dateModified":"2025-05-14T07:43:43+00:00","breadcrumb":{"@id":"https:\/\/bigstar.hu\/en\/product\/sun-moon-shaolin-patch-6-db\/#breadcrumb"},"inLanguage":"en-US","potentialAction":[{"@type":"ReadAction","target":["https:\/\/bigstar.hu\/en\/product\/sun-moon-shaolin-patch-6-db\/"]}]},{"@type":"ImageObject","inLanguage":"en-US","@id":"https:\/\/bigstar.hu\/en\/product\/sun-moon-shaolin-patch-6-db\/#primaryimage","url":"https:\/\/bigstar.hu\/wp-content\/uploads\/2022\/06\/SP-removebg-preview.png","contentUrl":"https:\/\/bigstar.hu\/wp-content\/uploads\/2022\/06\/SP-removebg-preview.png","width":500,"height":500},{"@type":"BreadcrumbList","@id":"https:\/\/bigstar.hu\/en\/product\/sun-moon-shaolin-patch-6-db\/#breadcrumb","itemListElement":[{"@type":"ListItem","position":1,"name":"Kezd\u0151lap","item":"https:\/\/bigstar.hu\/en\/"},{"@type":"ListItem","position":2,"name":"Webshop","item":"https:\/\/bigstar.hu\/en\/shop\/"},{"@type":"ListItem","position":3,"name":"SUN MOON Shaolin patch 6 pieces"}]},{"@type":"WebSite","@id":"https:\/\/bigstar.hu\/en\/#website","url":"https:\/\/bigstar.hu\/en\/","name":"Big Star Street","description":"Webshop for medicinal products","publisher":{"@id":"https:\/\/bigstar.hu\/en\/#organization"},"potentialAction":[{"@type":"SearchAction","target":{"@type":"EntryPoint","urlTemplate":"https:\/\/bigstar.hu\/en\/?s={search_term_string}"},"query-input":{"@type":"PropertyValueSpecification","valueRequired":true,"valueName":"search_term_string"}}],"inLanguage":"en-US"},{"@type":"Organization","@id":"https:\/\/bigstar.hu\/en\/#organization","name":"Big Star Street Kft","url":"https:\/\/bigstar.hu\/en\/","logo":{"@type":"ImageObject","inLanguage":"en-US","@id":"https:\/\/bigstar.hu\/en\/#\/schema\/logo\/image\/","url":"https:\/\/ujlap.bigstar.hu\/wp-content\/uploads\/2022\/06\/LOGO-feher.jpg","contentUrl":"https:\/\/ujlap.bigstar.hu\/wp-content\/uploads\/2022\/06\/LOGO-feher.jpg","width":430,"height":88,"caption":"Big Star Street Kft"},"image":{"@id":"https:\/\/bigstar.hu\/en\/#\/schema\/logo\/image\/"},"sameAs":["https:\/\/www.facebook.com\/bigstar.hu","https:\/\/www.instagram.com\/bigstarstreet"]}]}},"_links":{"self":[{"href":"https:\/\/bigstar.hu\/en\/wp-json\/wp\/v2\/product\/4181","targetHints":{"allow":["GET"]}}],"collection":[{"href":"https:\/\/bigstar.hu\/en\/wp-json\/wp\/v2\/product"}],"about":[{"href":"https:\/\/bigstar.hu\/en\/wp-json\/wp\/v2\/types\/product"}],"replies":[{"embeddable":true,"href":"https:\/\/bigstar.hu\/en\/wp-json\/wp\/v2\/comments?post=4181"}],"wp:featuredmedia":[{"embeddable":true,"href":"https:\/\/bigstar.hu\/en\/wp-json\/wp\/v2\/media\/3360"}],"wp:attachment":[{"href":"https:\/\/bigstar.hu\/en\/wp-json\/wp\/v2\/media?parent=4181"}],"wp:term":[{"taxonomy":"product_brand","embeddable":true,"href":"https:\/\/bigstar.hu\/en\/wp-json\/wp\/v2\/product_brand?post=4181"},{"taxonomy":"product_cat","embeddable":true,"href":"https:\/\/bigstar.hu\/en\/wp-json\/wp\/v2\/product_cat?post=4181"},{"taxonomy":"product_tag","embeddable":true,"href":"https:\/\/bigstar.hu\/en\/wp-json\/wp\/v2\/product_tag?post=4181"}],"curies":[{"name":"wp","href":"https:\/\/api.w.org\/{rel}","templated":true}]}}